{"id":1966,"date":"2021-06-28T17:42:12","date_gmt":"2021-06-28T14:42:12","guid":{"rendered":"https:\/\/eftenliving.ee\/korterid\/"},"modified":"2022-04-06T12:20:02","modified_gmt":"2022-04-06T09:20:02","slug":"apartments","status":"publish","type":"page","link":"https:\/\/eftenliving.ee\/en\/apartments\/","title":{"rendered":"Apartments"},"content":{"rendered":"<div class=\"fix\"><\/div>\n\t<div class=\"masonry masonry-grid\">\n\n<div class=\"fix\"><\/div>\t\t\n\t<div class=\"gutter-sizer\"><\/div>\n\t<div class=\"grid-sizer\"><\/div>\n\n\t\t\n\n<article id=\"post-984\" class=\"item panel 2-floor 1-rooms lower available-now post-984 apartment type-apartment status-publish has-post-thumbnail hentry apartment-group-aktiivne\">\n<style>\n#post-984 .post-header::after {\npadding-top:66%;\n  display: block;\n  content: '';\nmin-height: 100px;\t\n}\n\n#post-984 .post-header {\nbackground-image: url(https:\/\/eftenliving.ee\/wp-content\/uploads\/2022\/01\/kadakatee141-k47-10-768x768.jpg);\nbackground-position: center center;\n    -moz-background-size: cover;\n    -o-background-size: cover;\n    -webkit-background-size: cover;\n    background-size: cover;\n}\n<\/style>\t\n<div  class=\"post-container\">\n         <div class=\"post-header\"><a class=\"link-container\" href=\"https:\/\/eftenliving.ee\/apartment\/kadaka-tee-141-5\/\" title=\"R\u00f5duga 1-toaline m\u00f6bleeritud stuudiokorter!\"><p class=\"link\"><\/p><\/a>\n\t\t \n\n       <\/div>\n\t<div class=\"entry-summary\">\n\t\t\n\t\t\t <div class=\"post-title\">\n\t\t\t\t <a href=\"https:\/\/eftenliving.ee\/apartment\/kadaka-tee-141-5\/\" title=\"R\u00f5duga 1-toaline m\u00f6bleeritud stuudiokorter!\"><h3 class=\"page-title\">R\u00f5duga 1-toaline m\u00f6bleeritud stuudiokorter!<\/h3><\/a>\n\t\t\t\t \n          <\/div><!-- .post-title -->\n\t\t\n\t\t<div class=\"apartment-details\">\n\t<span><i class=\"far fa-grip-vertical\"><\/i>2 floor<\/span>\n\t\t\t<span><i class=\"far fa-expand\"><\/i> <span class=\"area\">21.4<\/span> m2 <\/span>\n\t\t\t<span class=\"desktop-hide\"><i class=\"fas fa-chevron-circle-right\"><\/i> <span class=\"\">425<\/span> \u20ac \/ month<\/span>\n\t\t\t\n<\/div>\t\t\n\t\t\n\t\t<div class=\"apartment-price\">\n\t\t\t<span class=\"price-tag\"><span class=\"price-label\">Rental price: <\/span><span class=\"price-amount\"><span class=\"price\">425<\/span> \u20ac \/ month<\/span><\/span> \n\t\t\t\t<span class=\"price-tag\">19.86 \u20ac\/m2<\/span> \n\t\t<\/div>\n\t\t\n\t\t\t<div class=\"action\">\n<a class=\"button\" href=\"https:\/\/eftenliving.ee\/apartment\/kadaka-tee-141-5\/\">View<\/a> <a class=\"button alt\"  href=\"https:\/\/eftenliving.ee\/en\/rent-an-apartment\/?apartmentid=984\" >Rent now<\/a>\n\t\t\t\t\n\n\t\t<\/div>\t\n\n\t\n\t\t\n\t\t\n\t<\/div><!-- .entry-summary -->\n\t\n\n\t\n\t<!-- .entry-header -->\n\n\n<\/div><!-- post-container -->\n<\/article ><!-- #post-## -->\n\n<article id=\"post-995\" class=\"item panel 3-floor 3-rooms lower available-now post-995 apartment type-apartment status-publish has-post-thumbnail hentry apartment-group-aktiivne\">\n<style>\n#post-995 .post-header::after {\npadding-top:66%;\n  display: block;\n  content: '';\nmin-height: 100px;\t\n}\n\n#post-995 .post-header {\nbackground-image: url(https:\/\/eftenliving.ee\/wp-content\/uploads\/2022\/01\/kadakatee141-k24-8-768x768.jpg);\nbackground-position: center center;\n    -moz-background-size: cover;\n    -o-background-size: cover;\n    -webkit-background-size: cover;\n    background-size: cover;\n}\n<\/style>\t\n<div  class=\"post-container\">\n         <div class=\"post-header\"><a class=\"link-container\" href=\"https:\/\/eftenliving.ee\/en\/apartment\/kadaka-tee-141-27\/\" title=\"R\u00f5duga kompaktne 3-toaline korter!\"><p class=\"link\"><\/p><\/a>\n\t\t \n\n       <\/div>\n\t<div class=\"entry-summary\">\n\t\t\n\t\t\t <div class=\"post-title\">\n\t\t\t\t <a href=\"https:\/\/eftenliving.ee\/en\/apartment\/kadaka-tee-141-27\/\" title=\"R\u00f5duga kompaktne 3-toaline korter!\"><h3 class=\"page-title\">R\u00f5duga kompaktne 3-toaline korter!<\/h3><\/a>\n\t\t\t\t \n          <\/div><!-- .post-title -->\n\t\t\n\t\t<div class=\"apartment-details\">\n\t<span><i class=\"far fa-grip-vertical\"><\/i>3 floor<\/span>\n\t\t\t<span><i class=\"far fa-expand\"><\/i> <span class=\"area\">45.1<\/span> m2 <\/span>\n\t\t\t<span class=\"desktop-hide\"><i class=\"fas fa-chevron-circle-right\"><\/i> <span class=\"\">650<\/span> \u20ac \/ month<\/span>\n\t\t\t\n<\/div>\t\t\n\t\t\n\t\t<div class=\"apartment-price\">\n\t\t\t<span class=\"price-tag\"><span class=\"price-label\">Rental price: <\/span><span class=\"price-amount\"><span class=\"price\">650<\/span> \u20ac \/ month<\/span><\/span> \n\t\t\t\t<span class=\"price-tag\">14.41 \u20ac\/m2<\/span> \n\t\t<\/div>\n\t\t\n\t\t\t<div class=\"action\">\n<a class=\"button\" href=\"https:\/\/eftenliving.ee\/en\/apartment\/kadaka-tee-141-27\/\">View<\/a> <a class=\"button alt\"  href=\"https:\/\/eftenliving.ee\/en\/rent-an-apartment\/?apartmentid=995\" >Rent now<\/a>\n\t\t\t\t\n\n\t\t<\/div>\t\n\n\t\n\t\t\n\t\t\n\t<\/div><!-- .entry-summary -->\n\t\n\n\t\n\t<!-- .entry-header -->\n\n\n<\/div><!-- post-container -->\n<\/article ><!-- #post-## -->\n\n<article id=\"post-961\" class=\"item panel 2-floor 2-rooms lower available-now post-961 apartment type-apartment status-publish has-post-thumbnail hentry apartment-group-aktiivne\">\n<style>\n#post-961 .post-header::after {\npadding-top:66%;\n  display: block;\n  content: '';\nmin-height: 100px;\t\n}\n\n#post-961 .post-header {\nbackground-image: url(https:\/\/eftenliving.ee\/wp-content\/uploads\/2022\/01\/kadakatee141-k7-14-768x768.jpg);\nbackground-position: center center;\n    -moz-background-size: cover;\n    -o-background-size: cover;\n    -webkit-background-size: cover;\n    background-size: cover;\n}\n<\/style>\t\n<div  class=\"post-container\">\n         <div class=\"post-header\"><a class=\"link-container\" href=\"https:\/\/eftenliving.ee\/en\/apartment\/kadaka-tee-141-8\/\" title=\"Valgusk\u00fcllane 2-toaline korter!\"><p class=\"link\"><\/p><\/a>\n\t\t \n\n       <\/div>\n\t<div class=\"entry-summary\">\n\t\t\n\t\t\t <div class=\"post-title\">\n\t\t\t\t <a href=\"https:\/\/eftenliving.ee\/en\/apartment\/kadaka-tee-141-8\/\" title=\"Valgusk\u00fcllane 2-toaline korter!\"><h3 class=\"page-title\">Valgusk\u00fcllane 2-toaline korter!<\/h3><\/a>\n\t\t\t\t \n          <\/div><!-- .post-title -->\n\t\t\n\t\t<div class=\"apartment-details\">\n\t<span><i class=\"far fa-grip-vertical\"><\/i>2 floor<\/span>\n\t\t\t<span><i class=\"far fa-expand\"><\/i> <span class=\"area\">33.5<\/span> m2 <\/span>\n\t\t\t<span class=\"desktop-hide\"><i class=\"fas fa-chevron-circle-right\"><\/i> <span class=\"\">515<\/span> \u20ac \/ month<\/span>\n\t\t\t\n<\/div>\t\t\n\t\t\n\t\t<div class=\"apartment-price\">\n\t\t\t<span class=\"price-tag\"><span class=\"price-label\">Rental price: <\/span><span class=\"price-amount\"><span class=\"price\">515<\/span> \u20ac \/ month<\/span><\/span> \n\t\t\t\t<span class=\"price-tag\">15.37 \u20ac\/m2<\/span> \n\t\t<\/div>\n\t\t\n\t\t\t<div class=\"action\">\n<a class=\"button\" href=\"https:\/\/eftenliving.ee\/en\/apartment\/kadaka-tee-141-8\/\">View<\/a> <a class=\"button alt\"  href=\"https:\/\/eftenliving.ee\/en\/rent-an-apartment\/?apartmentid=961\" >Rent now<\/a>\n\t\t\t\t\n\n\t\t<\/div>\t\n\n\t\n\t\t\n\t\t\n\t<\/div><!-- .entry-summary -->\n\t\n\n\t\n\t<!-- .entry-header -->\n\n\n<\/div><!-- post-container -->\n<\/article ><!-- #post-## -->\t\n    <\/div> <!-- end isotope-list -->\n<div class=\"fix\"><\/div>\t\n\n\n<hr style=\"height:25px\">\n\t\t\t\t\t\t\t\t\t\t\t\t\t\t\t\t\t\t\t \n\t<div ID=\"form-block-9\" class=\"twocol-table fullform_wrapper \">\n\t\t\n\t\t\t<div class=\"twocol-one massive-back first\">\n\t\t\t\n\t\t\t\t\t\t\t\t\t<h2>What kind of apartment are you looking for?<\/h2>\n\t\t\t\t\t\t\t\t\n\t\t\t\t\t\t\t\t\t\t\t  \n\t\t\t\t\t<p class=\"contact-description\">Leave us your contact details and we will contact you when a suitable apartment becomes available!<\/p>\n\t\t\t\t\t\t\t\t\n\t\t\t\t\t\t\t\t\t\t\t\t\t  \n\t\t\t \t\t\t \t\t\t\t\t\t\t\t\t\t   \n\t\t\t \t\t\t<img decoding=\"async\" class=\"alignleft size-medium contact-person-img\"  src=\"https:\/\/eftenliving.ee\/wp-content\/uploads\/2021\/10\/annika-ole-holm-p-3-615x768.jpg\">\t\t\t\t\t\t\t\t\t\t\t\t\t   \n\t\t\t\t\t\t\n\t\t\t\t\t\t\t\t\t\t\t\t\t\t\t\t\t\t\t  \n\t\t\t\t\t<h3 class=\"contact-person-name\"> Annika Ole-Holm<\/h3>\n\t\t\t\t\t\t\t\t\t\t\t\t\t\t\t\t\t\t\t\t\t\t\t\t  \n\t\t\t\t\t<p class=\"contact-person-title\">Sales Manager<\/p>\n\t\t\t\t\t\t\t\n\t\t\t\t\n\t\t\t\t\t\t\t\t\t\t\t\t\t\t\t  \n\t\t\t\t\t<p class=\"contact-person-icon\"><i class=\"fa fa-phone\"><\/i> +372 520 2202<\/p>\n\t\t\t\t\t\t\t\t\n\t\t\t\t\n\t\t\t\t\t\t\t\t\t\t\t\t\t\t\t  \n\t\t\t\t\t<p class=\"contact-person-icon\"><i class=\"fa fa-envelope\"><\/i> living@eften.ee<\/p>\n\t\t\t\t\t\t\t\n\t\t\t<div class=\"form-pages\"><\/div>\t\n\t\t<\/div>\n\t\t<div class=\"twocol-one massive-text last\" >\n\t\t\t\n\t\t\t\t\t\t\t\n\t\t\t\t\t\t\n\t\t\t<script type=\"text\/javascript\">\n\/* <![CDATA[ *\/\nvar gform;gform||(document.addEventListener(\"gform_main_scripts_loaded\",function(){gform.scriptsLoaded=!0}),document.addEventListener(\"gform\/theme\/scripts_loaded\",function(){gform.themeScriptsLoaded=!0}),window.addEventListener(\"DOMContentLoaded\",function(){gform.domLoaded=!0}),gform={domLoaded:!1,scriptsLoaded:!1,themeScriptsLoaded:!1,isFormEditor:()=>\"function\"==typeof InitializeEditor,callIfLoaded:function(o){return!(!gform.domLoaded||!gform.scriptsLoaded||!gform.themeScriptsLoaded&&!gform.isFormEditor()||(gform.isFormEditor()&&console.warn(\"The use of gform.initializeOnLoaded() is deprecated in the form editor context and will be removed in Gravity Forms 3.1.\"),o(),0))},initializeOnLoaded:function(o){gform.callIfLoaded(o)||(document.addEventListener(\"gform_main_scripts_loaded\",()=>{gform.scriptsLoaded=!0,gform.callIfLoaded(o)}),document.addEventListener(\"gform\/theme\/scripts_loaded\",()=>{gform.themeScriptsLoaded=!0,gform.callIfLoaded(o)}),window.addEventListener(\"DOMContentLoaded\",()=>{gform.domLoaded=!0,gform.callIfLoaded(o)}))},hooks:{action:{},filter:{}},addAction:function(o,r,e,t){gform.addHook(\"action\",o,r,e,t)},addFilter:function(o,r,e,t){gform.addHook(\"filter\",o,r,e,t)},doAction:function(o){gform.doHook(\"action\",o,arguments)},applyFilters:function(o){return gform.doHook(\"filter\",o,arguments)},removeAction:function(o,r){gform.removeHook(\"action\",o,r)},removeFilter:function(o,r,e){gform.removeHook(\"filter\",o,r,e)},addHook:function(o,r,e,t,n){null==gform.hooks[o][r]&&(gform.hooks[o][r]=[]);var d=gform.hooks[o][r];null==n&&(n=r+\"_\"+d.length),gform.hooks[o][r].push({tag:n,callable:e,priority:t=null==t?10:t})},doHook:function(r,o,e){var t;if(e=Array.prototype.slice.call(e,1),null!=gform.hooks[r][o]&&((o=gform.hooks[r][o]).sort(function(o,r){return o.priority-r.priority}),o.forEach(function(o){\"function\"!=typeof(t=o.callable)&&(t=window[t]),\"action\"==r?t.apply(null,e):e[0]=t.apply(null,e)})),\"filter\"==r)return e[0]},removeHook:function(o,r,t,n){var e;null!=gform.hooks[o][r]&&(e=(e=gform.hooks[o][r]).filter(function(o,r,e){return!!(null!=n&&n!=o.tag||null!=t&&t!=o.priority)}),gform.hooks[o][r]=e)}});\n\/* ]]> *\/\n<\/script>\n\n                <div class='gf_browser_gecko gform_wrapper gravity-theme gform-theme--no-framework' data-form-theme='gravity-theme' data-form-index='0' id='gform_wrapper_9' ><div id='gf_9' class='gform_anchor' tabindex='-1'><\/div>\n                        <div class='gform_heading'>\n                            <h2 class=\"gform_title\">Sign up<\/h2>\n                            <p class='gform_description'><\/p>\n\t\t\t\t\t\t\t<p class='gform_required_legend'>&quot;<span class=\"gfield_required gfield_required_asterisk\">*<\/span>&quot; indicates required fields<\/p>\n                        <\/div><form method='post' enctype='multipart\/form-data' target='gform_ajax_frame_9' id='gform_9'  action='\/en\/wp-json\/wp\/v2\/pages\/1966#gf_9' data-formid='9' novalidate>\n                        <div class='gform-body gform_body'><div id='gform_fields_9' class='gform_fields top_label form_sublabel_below description_below validation_below'><div id=\"field_9_1\" class=\"gfield gfield--type-select gfield--input-type-select field_sublabel_below gfield--no-description field_description_below hidden_label field_validation_below gfield_visibility_visible\"  ><label class='gfield_label gform-field-label' for='input_9_1'>Apartment size<\/label><div class='ginput_container ginput_container_select'><select name='input_1' id='input_9_1' class='large gfield_select'     aria-invalid=\"false\" ><option value='' selected='selected' class='gf_placeholder'>Apartment size<\/option><option value='1 room apartment' >1 room apartment<\/option><option value='2 room apartment' >2 room apartment<\/option><option value='3 room apartment' >3 room apartment<\/option><option value='4 room apartment' >4 room apartment<\/option><\/select><\/div><\/div><div id=\"field_9_3\" class=\"gfield gfield--type-text gfield--input-type-text field_sublabel_below gfield--no-description field_description_below hidden_label field_validation_below gfield_visibility_visible\"  ><label class='gfield_label gform-field-label' for='input_9_3'>Your name<\/label><div class='ginput_container ginput_container_text'><input name='input_3' id='input_9_3' type='text' value='' class='large'    placeholder='Your name'  aria-invalid=\"false\"   \/><\/div><\/div><div id=\"field_9_7\" class=\"gfield gfield--type-email gfield--input-type-email gfield_contains_required field_sublabel_below gfield--no-description field_description_below hidden_label field_validation_below gfield_visibility_visible\"  ><label class='gfield_label gform-field-label' for='input_9_7'>Your e-mail<span class=\"gfield_required\"><span class=\"gfield_required gfield_required_asterisk\">*<\/span><\/span><\/label><div class='ginput_container ginput_container_email'>\n                            <input name='input_7' id='input_9_7' type='email' value='' class='large'   placeholder='Your e-mail' aria-required=\"true\" aria-invalid=\"false\"  \/>\n                        <\/div><\/div><div id=\"field_9_6\" class=\"gfield gfield--type-textarea gfield--input-type-textarea field_sublabel_below gfield--no-description field_description_below hidden_label field_validation_below gfield_visibility_visible\"  ><label class='gfield_label gform-field-label' for='input_9_6'>Your message<\/label><div class='ginput_container ginput_container_textarea'><textarea name='input_6' id='input_9_6' class='textarea medium'    placeholder='Your message'  aria-invalid=\"false\"   rows='10' cols='50'><\/textarea><\/div><\/div><fieldset id=\"field_9_5\" class=\"gfield gfield--type-consent gfield--type-choice gfield--input-type-consent gfield_contains_required field_sublabel_below gfield--no-description field_description_below hidden_label field_validation_below gfield_visibility_visible\"  ><legend class='gfield_label gform-field-label gfield_label_before_complex' >Consent<span class=\"gfield_required\"><span class=\"gfield_required gfield_required_asterisk\">*<\/span><\/span><\/legend><div class='ginput_container ginput_container_consent'><input name='input_5.1' id='input_9_5_1' type='checkbox' value='1'   aria-required=\"true\" aria-invalid=\"false\"   \/> <label class=\"gform-field-label gform-field-label--type-inline gfield_consent_label\" for='input_9_5_1' >I have read the <a target=\"_blank\" href=\"https:\/\/eftenliving.ee\/en\/privacy-policy\/\">principles of processing personal data<\/a> and consent to being contacted through the channels I have indicated.<span class=\"gfield_required gfield_required_asterisk\">*<\/span><\/label><input type='hidden' name='input_5.2' value='I have read the &lt;a target=&quot;_blank&quot; href=&quot;https:\/\/eftenliving.ee\/en\/privacy-policy\/&quot;&gt;principles of processing personal data&lt;\/a&gt; and consent to being contacted through the channels I have indicated.' class='gform_hidden' \/><input type='hidden' name='input_5.3' value='26' class='gform_hidden' \/><\/div><\/fieldset><div id=\"field_9_8\" class=\"gfield gfield--type-captcha gfield--input-type-captcha gfield--width-full field_sublabel_below gfield--no-description field_description_below hidden_label field_validation_below gfield_visibility_visible\"  ><label class='gfield_label gform-field-label' for='input_9_8'>CAPTCHA<\/label><div id='input_9_8' class='ginput_container ginput_recaptcha' data-sitekey='6LfSsHAsAAAAANneGrOR9NvG2PdtCYKV4KDqGWa-'  data-theme='light' data-tabindex='-1' data-size='invisible' data-badge='inline'><\/div><\/div><\/div><\/div>\n        <div class='gform-footer gform_footer top_label'> <button type=\"submit\" id=\"gform_submit_button_9\" class=\"gform_button button submit-button\" onclick=\"gform.submission.handleButtonClick(this);\" data-submission-type=\"submit\">SIGN UP<\/button> <input type='hidden' name='gform_ajax' value='form_id=9&amp;title=1&amp;description=1&amp;tabindex=0&amp;theme=gravity-theme&amp;styles=[]&amp;hash=2763c3d0f057747c109fb3a27d9550c2' \/>\n            <input type='hidden' class='gform_hidden' name='gform_submission_method' data-js='gform_submission_method_9' value='iframe' \/>\n            <input type='hidden' class='gform_hidden' name='gform_theme' data-js='gform_theme_9' id='gform_theme_9' value='gravity-theme' \/>\n            <input type='hidden' class='gform_hidden' name='gform_style_settings' data-js='gform_style_settings_9' id='gform_style_settings_9' value='[]' \/>\n            <input type='hidden' class='gform_hidden' name='is_submit_9' value='1' \/>\n            <input type='hidden' class='gform_hidden' name='gform_submit' value='9' \/>\n            \n            <input type='hidden' class='gform_hidden' name='gform_currency' data-currency='EUR' value='zW7rgjjOZVSimw6c3qmXUYArOLn+rnN3xVyZbv\/tzqT0kaXcv4drSS9xogMgcp7yoG4k5ngv+uiNMXgxAbV1HOUFM77zLAZCnsO2yu3R8I8\/fuc=' \/>\n            <input type='hidden' class='gform_hidden' name='gform_unique_id' value='' \/>\n            <input type='hidden' class='gform_hidden' name='state_9' value='WyJ7XCI1LjFcIjpcImUxNWUzYTRhMDYwYzEwNzcyMDZjOTEyM2E1ZDM2NTg4XCIsXCI1LjJcIjpcIjkzMDhiNTM4MWJhYzE3ZDdiZTgyZDRiNTA5NDE2NTM4XCIsXCI1LjNcIjpcIjc0NzE2MThjMGFhOTc1ZWVlYmI4MzQ4MGFhOTdjZWQxXCJ9IiwiMGM4ZWFkZmE3MWE3OWRjMWJmNDNlNzAzZGZhY2NlZDciXQ==' \/>\n            <input type='hidden' autocomplete='off' class='gform_hidden' name='gform_target_page_number_9' id='gform_target_page_number_9' value='0' \/>\n            <input type='hidden' autocomplete='off' class='gform_hidden' name='gform_source_page_number_9' id='gform_source_page_number_9' value='1' \/>\n            <input type='hidden' name='gform_field_values' value='' \/>\n            \n        <\/div>\n                        <\/form>\n                        <\/div>\n\t\t                <iframe style='display:none;width:0px;height:0px;' src='about:blank' name='gform_ajax_frame_9' id='gform_ajax_frame_9' title='This iframe contains the logic required to handle Ajax powered Gravity Forms.'><\/iframe>\n\t\t                <script type=\"text\/javascript\">\n\/* <![CDATA[ *\/\n gform.initializeOnLoaded( function() {gformInitSpinner( 9, 'https:\/\/eftenliving.ee\/wp-content\/plugins\/gravityforms\/images\/spinner.svg', true );jQuery('#gform_ajax_frame_9').on('load',function(){var contents = jQuery(this).contents().find('*').html();var is_postback = contents.indexOf('GF_AJAX_POSTBACK') >= 0;if(!is_postback){return;}var form_content = jQuery(this).contents().find('#gform_wrapper_9');var is_confirmation = jQuery(this).contents().find('#gform_confirmation_wrapper_9').length > 0;var is_redirect = contents.indexOf('gformRedirect(){') >= 0;var is_form = form_content.length > 0 && ! is_redirect && ! is_confirmation;var mt = parseInt(jQuery('html').css('margin-top'), 10) + parseInt(jQuery('body').css('margin-top'), 10) + 100;if(is_form){jQuery('#gform_wrapper_9').html(form_content.html());if(form_content.hasClass('gform_validation_error')){jQuery('#gform_wrapper_9').addClass('gform_validation_error');} else {jQuery('#gform_wrapper_9').removeClass('gform_validation_error');}setTimeout( function() { \/* delay the scroll by 50 milliseconds to fix a bug in chrome *\/ jQuery(document).scrollTop(jQuery('#gform_wrapper_9').offset().top - mt); }, 50 );if(window['gformInitDatepicker']) {gformInitDatepicker();}if(window['gformInitPriceFields']) {gformInitPriceFields();}var current_page = jQuery('#gform_source_page_number_9').val();gformInitSpinner( 9, 'https:\/\/eftenliving.ee\/wp-content\/plugins\/gravityforms\/images\/spinner.svg', true );jQuery(document).trigger('gform_page_loaded', [9, current_page]);window['gf_submitting_9'] = false;}else if(!is_redirect){var confirmation_content = jQuery(this).contents().find('.GF_AJAX_POSTBACK').html();if(!confirmation_content){confirmation_content = contents;}jQuery('#gform_wrapper_9').replaceWith(confirmation_content);jQuery(document).scrollTop(jQuery('#gf_9').offset().top - mt);jQuery(document).trigger('gform_confirmation_loaded', [9]);window['gf_submitting_9'] = false;wp.a11y.speak(jQuery('#gform_confirmation_message_9').text());}else{jQuery('#gform_9').append(contents);if(window['gformRedirect']) {gformRedirect();}}jQuery(document).trigger(\"gform_pre_post_render\", [{ formId: \"9\", currentPage: \"current_page\", abort: function() { this.preventDefault(); } }]);        if (event && event.defaultPrevented) {                return;        }        const gformWrapperDiv = document.getElementById( \"gform_wrapper_9\" );        if ( gformWrapperDiv ) {            const visibilitySpan = document.createElement( \"span\" );            visibilitySpan.id = \"gform_visibility_test_9\";            gformWrapperDiv.insertAdjacentElement( \"afterend\", visibilitySpan );        }        const visibilityTestDiv = document.getElementById( \"gform_visibility_test_9\" );        let postRenderFired = false;        function triggerPostRender() {            if ( postRenderFired ) {                return;            }            postRenderFired = true;            gform.core.triggerPostRenderEvents( 9, current_page );            if ( visibilityTestDiv ) {                visibilityTestDiv.parentNode.removeChild( visibilityTestDiv );            }        }        function debounce( func, wait, immediate ) {            var timeout;            return function() {                var context = this, args = arguments;                var later = function() {                    timeout = null;                    if ( !immediate ) func.apply( context, args );                };                var callNow = immediate && !timeout;                clearTimeout( timeout );                timeout = setTimeout( later, wait );                if ( callNow ) func.apply( context, args );            };        }        const debouncedTriggerPostRender = debounce( function() {            triggerPostRender();        }, 200 );        if ( visibilityTestDiv && visibilityTestDiv.offsetParent === null ) {            const observer = new MutationObserver( ( mutations ) => {                mutations.forEach( ( mutation ) => {                    if ( mutation.type === 'attributes' && visibilityTestDiv.offsetParent !== null ) {                        debouncedTriggerPostRender();                        observer.disconnect();                    }                });            });            observer.observe( document.body, {                attributes: true,                childList: false,                subtree: true,                attributeFilter: [ 'style', 'class' ],            });        } else {            triggerPostRender();        }    } );} ); \n\/* ]]> *\/\n<\/script>\n\t\t\t\n\t\t\t\t\t\t\t\t\t\t\t\t\t\t\t\t\t\t\t\t\t\t   \n\t\t  <\/div>\n\t\t\n\t<\/div>\n\n\t\n","protected":false},"excerpt":{"rendered":"<p>Mustam\u00e4e s\u00fcdames Kadaka parkmetsa serval on valminud EfTEN Livingu nutikas \u00fc\u00fcrimaja!<br \/>\nAnname \u00fc\u00fcrile v\u00e4ikse 2-toalise korteri, mis asub jalutusk\u00e4igu kaugusel TalTechi \u00fclikoolist.<br \/>\nMaja ees bussipeatus ja 500m raadiuses leiab nii spordiklubi, toidupoe kui s\u00f6\u00f6gikohad.<br \/>\nKorter on uus ja siseviimistlus on rahulikes, heledates toonides. Korter on osaliselt sisustatud ja igal \u00fc\u00fcrnikul on hea v\u00f5imalus kodu oma maitse j\u00e4rgi l\u00f5puni kujundada.\u00a0Meie oleme paigaldanud mugavaks kasutamiseks k\u00f6\u00f6gi koos integreeritud tehnika ja pesumasinaga.\u00a0Lisaks on korteris paigaldatud valgustid, garderoobikapp, magamistoas ruloo, elutoas kardinapuu, vannitoas kapp ja peegel koos riiulitega.  <a href=\"https:\/\/eftenliving.ee\/en\/apartment\/kadaka-tee-141-8\/\">&nbsp;&raquo;&nbsp;Read more<\/a><\/p>\n","protected":false},"author":1,"featured_media":0,"parent":0,"menu_order":0,"comment_status":"closed","ping_status":"closed","template":"template-apartments.php","meta":{"footnotes":""},"class_list":["post-1966","page","type-page","status-publish","hentry"],"_links":{"self":[{"href":"https:\/\/eftenliving.ee\/en\/wp-json\/wp\/v2\/pages\/1966","targetHints":{"allow":["GET"]}}],"collection":[{"href":"https:\/\/eftenliving.ee\/en\/wp-json\/wp\/v2\/pages"}],"about":[{"href":"https:\/\/eftenliving.ee\/en\/wp-json\/wp\/v2\/types\/page"}],"author":[{"embeddable":true,"href":"https:\/\/eftenliving.ee\/en\/wp-json\/wp\/v2\/users\/1"}],"replies":[{"embeddable":true,"href":"https:\/\/eftenliving.ee\/en\/wp-json\/wp\/v2\/comments?post=1966"}],"version-history":[{"count":0,"href":"https:\/\/eftenliving.ee\/en\/wp-json\/wp\/v2\/pages\/1966\/revisions"}],"wp:attachment":[{"href":"https:\/\/eftenliving.ee\/en\/wp-json\/wp\/v2\/media?parent=1966"}],"curies":[{"name":"wp","href":"https:\/\/api.w.org\/{rel}","templated":true}]}}